{"id":825,"date":"2024-04-04T15:25:19","date_gmt":"2024-04-04T18:25:19","guid":{"rendered":"https:\/\/dupmarketing.com.br\/?page_id=825"},"modified":"2024-04-05T09:25:32","modified_gmt":"2024-04-05T12:25:32","slug":"digrano","status":"publish","type":"page","link":"https:\/\/dupmarketing.com.br\/index.php\/digrano\/","title":{"rendered":"digrano"},"content":{"rendered":"<p>[et_pb_section fb_built=&#8221;1&#8243; _builder_version=&#8221;4.9.2&#8243; _module_preset=&#8221;default&#8221;][et_pb_row column_structure=&#8221;2_5,3_5&#8243; _builder_version=&#8221;4.9.2&#8243; _module_preset=&#8221;default&#8221; hover_enabled=&#8221;0&#8243; sticky_enabled=&#8221;0&#8243;][et_pb_column type=&#8221;2_5&#8243; _builder_version=&#8221;4.9.2&#8243; _module_preset=&#8221;default&#8221;][et_pb_text _builder_version=&#8221;4.9.2&#8243; _module_preset=&#8221;default&#8221; header_font=&#8221;Montserrat|800|||||||&#8221; header_text_color=&#8221;#848688&#8243; header_font_size=&#8221;44px&#8221; custom_margin=&#8221;|-19px|-4px|||&#8221;]<\/p>\n<h1>Di Grano<\/h1>\n<p>[\/et_pb_text][et_pb_text _builder_version=&#8221;4.9.2&#8243; _module_preset=&#8221;default&#8221; header_2_font=&#8221;Montserrat|300|||||||&#8221; header_2_text_color=&#8221;#848688&#8243; header_2_font_size=&#8221;24px&#8221;]<\/p>\n<h2>Pasta Italiana<\/h2>\n<p>[\/et_pb_text][et_pb_divider color=&#8221;#848688&#8243; _builder_version=&#8221;4.9.2&#8243; _module_preset=&#8221;default&#8221; width=&#8221;15%&#8221; custom_margin=&#8221;||13px|||&#8221;][\/et_pb_divider][et_pb_text _builder_version=&#8221;4.9.2&#8243; _module_preset=&#8221;default&#8221; header_4_font=&#8221;Open Sans||||||||&#8221; header_4_text_color=&#8221;#848688&#8243; header_4_font_size=&#8221;17px&#8221; header_4_line_height=&#8221;1.2em&#8221; custom_margin=&#8221;10px|||||&#8221;]<\/p>\n<h4>Local\u00a0 \u00a0 \u00a0 \u00a0 \u00a0 \u00a0 \u00a0 \u00a0 \u00a0 \u00a0 \u00a0 \u00a0 \u00a0 \u00a0 \u00a0 \u00a0 Ano<br \/>Americana\u00a0 \u00a0 \u00a0 \u00a0 \u00a0 \u00a0 \u00a0 \u00a0 \u00a0 \u00a0 \u00a0 2021<\/h4>\n<p>[\/et_pb_text][\/et_pb_column][et_pb_column type=&#8221;3_5&#8243; _builder_version=&#8221;4.9.2&#8243; _module_preset=&#8221;default&#8221;][et_pb_text _builder_version=&#8221;4.9.2&#8243; _module_preset=&#8221;default&#8221; header_4_font=&#8221;Open Sans||||||||&#8221; header_4_text_color=&#8221;#848688&#8243; header_4_font_size=&#8221;17px&#8221; header_4_line_height=&#8221;1.2em&#8221; header_5_font=&#8221;Open Sans||||||||&#8221; header_5_text_color=&#8221;#848688&#8243; header_5_line_height=&#8221;1.4em&#8221; width=&#8221;95%&#8221; custom_margin=&#8221;|||-1px||&#8221;]<\/p>\n<h5><strong>Di grano<\/strong> \u00e9 um neg\u00f3cio local focado na produ\u00e7\u00e3o e venda de massas artesanais. O processo de rebranding foi baseado na necessidade de profissionaliza\u00e7\u00e3o do neg\u00f3cio com ideia de expandir o volume de vendas.\u00a0<\/h5>\n<p>O pictograma da marca foi desenhado de forma estilizada e inspirado em um germen de trigo, base das massas. As cores da paleta principal s\u00e3o branco, grafite e o amarelo transmitindo jovialidade caracter\u00edstica da propriet\u00e1ria e felicidade, aconchego de um produto artesanal.\u00a0<\/p>\n<p>Al\u00e9m da marca desenvolvemos r\u00f3tulo dos produtos e conte\u00fado base para destaques no Instagram.\u00a0<\/p>\n<p>[\/et_pb_text][\/et_pb_column][\/et_pb_row][et_pb_row _builder_version=&#8221;4.9.2&#8243; _module_preset=&#8221;default&#8221; custom_padding=&#8221;2px|||||&#8221;][et_pb_column type=&#8221;4_4&#8243; _builder_version=&#8221;4.9.2&#8243; _module_preset=&#8221;default&#8221;][et_pb_image src=&#8221;https:\/\/dupmarketing.com.br\/wp-content\/uploads\/2024\/04\/di-grano-1.png&#8221; title_text=&#8221;di grano 1&#8243; _builder_version=&#8221;4.9.2&#8243; _module_preset=&#8221;default&#8221; custom_margin=&#8221;||0px|||&#8221; border_radii=&#8221;off|25px|25px||&#8221;][\/et_pb_image][et_pb_image src=&#8221;https:\/\/dupmarketing.com.br\/wp-content\/uploads\/2024\/04\/di-grano-2-1.png&#8221; title_text=&#8221;di grano 2&#8243; _builder_version=&#8221;4.9.2&#8243; _module_preset=&#8221;default&#8221; custom_margin=&#8221;||-4px|||&#8221;][\/et_pb_image][et_pb_image src=&#8221;https:\/\/dupmarketing.com.br\/wp-content\/uploads\/2024\/04\/di-grano-3.png&#8221; title_text=&#8221;di grano 3&#8243; _builder_version=&#8221;4.9.2&#8243; _module_preset=&#8221;default&#8221; border_radii=&#8221;off|||25px|25px&#8221;][\/et_pb_image][et_pb_button button_url=&#8221;https:\/\/dupmarketing.com.br\/index.php\/portfolio-2\/&#8221; button_text=&#8221;Voltar&#8221; button_alignment=&#8221;center&#8221; _builder_version=&#8221;4.9.2&#8243; _module_preset=&#8221;default&#8221; custom_button=&#8221;on&#8221; button_text_color=&#8221;#848688&#8243; button_border_radius=&#8221;55px&#8221; button_letter_spacing=&#8221;-1px&#8221; button_font=&#8221;Open Sans|700|||||||&#8221; custom_padding=&#8221;|32px||32px|false|true&#8221;][\/et_pb_button][\/et_pb_column][\/et_pb_row][\/et_pb_section]<\/p>\n","protected":false},"excerpt":{"rendered":"<p>[et_pb_section fb_built=&#8221;1&#8243; _builder_version=&#8221;4.9.2&#8243; _module_preset=&#8221;default&#8221;][et_pb_row column_structure=&#8221;2_5,3_5&#8243; _builder_version=&#8221;4.9.2&#8243; _module_preset=&#8221;default&#8221; hover_enabled=&#8221;0&#8243; sticky_enabled=&#8221;0&#8243;][et_pb_column type=&#8221;2_5&#8243; _builder_version=&#8221;4.9.2&#8243; _module_preset=&#8221;default&#8221;][et_pb_text _builder_version=&#8221;4.9.2&#8243; _module_preset=&#8221;default&#8221; header_font=&#8221;Montserrat|800|||||||&#8221; header_text_color=&#8221;#848688&#8243; header_font_size=&#8221;44px&#8221; custom_margin=&#8221;|-19px|-4px|||&#8221;] Di Grano [\/et_pb_text][et_pb_text _builder_version=&#8221;4.9.2&#8243; _module_preset=&#8221;default&#8221; header_2_font=&#8221;Montserrat|300|||||||&#8221; header_2_text_color=&#8221;#848688&#8243; header_2_font_size=&#8221;24px&#8221;] Pasta Italiana [\/et_pb_text][et_pb_divider color=&#8221;#848688&#8243; _builder_version=&#8221;4.9.2&#8243; _module_preset=&#8221;default&#8221; width=&#8221;15%&#8221; custom_margin=&#8221;||13px|||&#8221;][\/et_pb_divider][et_pb_text _builder_version=&#8221;4.9.2&#8243; _module_preset=&#8221;default&#8221; header_4_font=&#8221;Open Sans||||||||&#8221; header_4_text_color=&#8221;#848688&#8243; header_4_font_size=&#8221;17px&#8221; header_4_line_height=&#8221;1.2em&#8221; custom_margin=&#8221;10px|||||&#8221;] Local\u00a0 \u00a0 \u00a0 \u00a0 \u00a0 \u00a0 \u00a0 \u00a0 \u00a0 \u00a0 \u00a0 \u00a0 \u00a0 [&hellip;]<\/p>\n","protected":false},"author":1,"featured_media":0,"parent":0,"menu_order":0,"comment_status":"closed","ping_status":"closed","template":"","meta":{"_et_pb_use_builder":"on","_et_pb_old_content":"","_et_gb_content_width":"","_joinchat":[],"footnotes":""},"class_list":["post-825","page","type-page","status-publish","hentry"],"jetpack_sharing_enabled":true,"_links":{"self":[{"href":"https:\/\/dupmarketing.com.br\/index.php\/wp-json\/wp\/v2\/pages\/825","targetHints":{"allow":["GET"]}}],"collection":[{"href":"https:\/\/dupmarketing.com.br\/index.php\/wp-json\/wp\/v2\/pages"}],"about":[{"href":"https:\/\/dupmarketing.com.br\/index.php\/wp-json\/wp\/v2\/types\/page"}],"author":[{"embeddable":true,"href":"https:\/\/dupmarketing.com.br\/index.php\/wp-json\/wp\/v2\/users\/1"}],"replies":[{"embeddable":true,"href":"https:\/\/dupmarketing.com.br\/index.php\/wp-json\/wp\/v2\/comments?post=825"}],"version-history":[{"count":4,"href":"https:\/\/dupmarketing.com.br\/index.php\/wp-json\/wp\/v2\/pages\/825\/revisions"}],"predecessor-version":[{"id":946,"href":"https:\/\/dupmarketing.com.br\/index.php\/wp-json\/wp\/v2\/pages\/825\/revisions\/946"}],"wp:attachment":[{"href":"https:\/\/dupmarketing.com.br\/index.php\/wp-json\/wp\/v2\/media?parent=825"}],"curies":[{"name":"wp","href":"https:\/\/api.w.org\/{rel}","templated":true}]}}