{"id":592,"date":"2024-04-04T09:47:43","date_gmt":"2024-04-04T12:47:43","guid":{"rendered":"https:\/\/dupmarketing.com.br\/?page_id=592"},"modified":"2024-04-05T13:12:26","modified_gmt":"2024-04-05T16:12:26","slug":"keylalopes","status":"publish","type":"page","link":"https:\/\/dupmarketing.com.br\/index.php\/keylalopes\/","title":{"rendered":"keylalopes"},"content":{"rendered":"<p>[et_pb_section fb_built=&#8221;1&#8243; _builder_version=&#8221;4.9.2&#8243; _module_preset=&#8221;default&#8221;][et_pb_row column_structure=&#8221;2_5,3_5&#8243; _builder_version=&#8221;4.9.2&#8243; _module_preset=&#8221;default&#8221;][et_pb_column type=&#8221;2_5&#8243; _builder_version=&#8221;4.9.2&#8243; _module_preset=&#8221;default&#8221;][et_pb_text _builder_version=&#8221;4.9.2&#8243; _module_preset=&#8221;default&#8221; header_font=&#8221;Montserrat|800|||||||&#8221; header_text_color=&#8221;#848688&#8243; header_font_size=&#8221;44px&#8221; custom_margin=&#8221;|-19px|-4px|||&#8221;]<\/p>\n<h1>Keyla Lopes<\/h1>\n<p>[\/et_pb_text][et_pb_text _builder_version=&#8221;4.9.2&#8243; _module_preset=&#8221;default&#8221; header_2_font=&#8221;Montserrat|300|||||||&#8221; header_2_text_color=&#8221;#848688&#8243; header_2_font_size=&#8221;24px&#8221; hover_enabled=&#8221;0&#8243; sticky_enabled=&#8221;0&#8243;]<\/p>\n<h2>Fisioterapeuta dermatol\u00f3gica<\/h2>\n<p>[\/et_pb_text][et_pb_divider color=&#8221;#848688&#8243; _builder_version=&#8221;4.9.2&#8243; _module_preset=&#8221;default&#8221; width=&#8221;15%&#8221; custom_margin=&#8221;||13px|||&#8221;][\/et_pb_divider][et_pb_text _builder_version=&#8221;4.9.2&#8243; _module_preset=&#8221;default&#8221; header_4_font=&#8221;Open Sans||||||||&#8221; header_4_text_color=&#8221;#848688&#8243; header_4_font_size=&#8221;17px&#8221; header_4_line_height=&#8221;1.2em&#8221; custom_margin=&#8221;10px|||||&#8221;]<\/p>\n<h4>Local\u00a0 \u00a0 \u00a0 \u00a0 \u00a0 \u00a0 \u00a0 \u00a0 \u00a0 \u00a0 \u00a0 \u00a0 \u00a0 \u00a0 \u00a0 \u00a0 Ano<br \/>Americana\u00a0 \u00a0 \u00a0 \u00a0 \u00a0 \u00a0 \u00a0 \u00a0 \u00a0 \u00a0 \u00a0 2023<\/h4>\n<p>[\/et_pb_text][\/et_pb_column][et_pb_column type=&#8221;3_5&#8243; _builder_version=&#8221;4.9.2&#8243; _module_preset=&#8221;default&#8221;][et_pb_text _builder_version=&#8221;4.9.2&#8243; _module_preset=&#8221;default&#8221; header_4_font=&#8221;Open Sans||||||||&#8221; header_4_text_color=&#8221;#848688&#8243; header_4_font_size=&#8221;17px&#8221; header_4_line_height=&#8221;1.2em&#8221; header_5_font=&#8221;Open Sans||||||||&#8221; header_5_text_color=&#8221;#848688&#8243; header_5_line_height=&#8221;1.4em&#8221; width=&#8221;95%&#8221; custom_margin=&#8221;|||-1px||&#8221;]<\/p>\n<h5>A <strong>fisioterapia dermatol\u00f3gica<\/strong> \u00e9 uma \u00e1rea que promove cuidado e bem-estar ao paciente e era exatamente esses dois pontos de <strong>ess\u00eancia de marca<\/strong> que a Keyla desejava comunicar.\u00a0<\/h5>\n<p>&nbsp;<\/p>\n<p>Com isso, desenvolvemos um logotipo e identidade visual que tivessem sinergia entre cores que trasmitem <strong>tranquilidade<\/strong>, acompanhado de fonte serifada para o logo comunicando uma linha mais cl\u00e1ssica e moderna. Al\u00e9m do rebrading criamos tamb\u00e9m um cart\u00e3o de visitas para a cliente.\u00a0<\/p>\n<p>&nbsp;<\/p>\n<p>[\/et_pb_text][\/et_pb_column][\/et_pb_row][et_pb_row _builder_version=&#8221;4.9.2&#8243; _module_preset=&#8221;default&#8221;][et_pb_column type=&#8221;4_4&#8243; _builder_version=&#8221;4.9.2&#8243; _module_preset=&#8221;default&#8221;][et_pb_image src=&#8221;https:\/\/dupmarketing.com.br\/wp-content\/uploads\/2024\/04\/keyla-4.png&#8221; title_text=&#8221;keyla&#8221; _builder_version=&#8221;4.9.2&#8243; _module_preset=&#8221;default&#8221; custom_margin=&#8221;||-3px|||&#8221; border_radii=&#8221;off|25px|25px||&#8221;][\/et_pb_image][et_pb_image src=&#8221;https:\/\/dupmarketing.com.br\/wp-content\/uploads\/2024\/04\/keyla-2-1.png&#8221; title_text=&#8221;keyla 2&#8243; _builder_version=&#8221;4.9.2&#8243; _module_preset=&#8221;default&#8221; custom_margin=&#8221;||-2px|||&#8221;][\/et_pb_image][et_pb_image src=&#8221;https:\/\/dupmarketing.com.br\/wp-content\/uploads\/2024\/04\/keyla-3.png&#8221; title_text=&#8221;keyla 3&#8243; _builder_version=&#8221;4.9.2&#8243; _module_preset=&#8221;default&#8221; border_radii=&#8221;off|||25px|25px&#8221;][\/et_pb_image][et_pb_button button_url=&#8221;https:\/\/dupmarketing.com.br\/index.php\/portfolio-2\/&#8221; button_text=&#8221;Voltar&#8221; button_alignment=&#8221;center&#8221; _builder_version=&#8221;4.9.2&#8243; _module_preset=&#8221;default&#8221; custom_button=&#8221;on&#8221; button_text_color=&#8221;#848688&#8243; button_border_radius=&#8221;55px&#8221; button_letter_spacing=&#8221;-1px&#8221; button_font=&#8221;Open Sans|700|||||||&#8221; custom_padding=&#8221;|32px||32px|false|true&#8221;][\/et_pb_button][\/et_pb_column][\/et_pb_row][\/et_pb_section]<\/p>\n","protected":false},"excerpt":{"rendered":"<p>[et_pb_section fb_built=&#8221;1&#8243; _builder_version=&#8221;4.9.2&#8243; _module_preset=&#8221;default&#8221;][et_pb_row column_structure=&#8221;2_5,3_5&#8243; _builder_version=&#8221;4.9.2&#8243; _module_preset=&#8221;default&#8221;][et_pb_column type=&#8221;2_5&#8243; _builder_version=&#8221;4.9.2&#8243; _module_preset=&#8221;default&#8221;][et_pb_text _builder_version=&#8221;4.9.2&#8243; _module_preset=&#8221;default&#8221; header_font=&#8221;Montserrat|800|||||||&#8221; header_text_color=&#8221;#848688&#8243; header_font_size=&#8221;44px&#8221; custom_margin=&#8221;|-19px|-4px|||&#8221;] Keyla Lopes [\/et_pb_text][et_pb_text _builder_version=&#8221;4.9.2&#8243; _module_preset=&#8221;default&#8221; header_2_font=&#8221;Montserrat|300|||||||&#8221; header_2_text_color=&#8221;#848688&#8243; header_2_font_size=&#8221;24px&#8221; hover_enabled=&#8221;0&#8243; sticky_enabled=&#8221;0&#8243;] Fisioterapeuta dermatol\u00f3gica [\/et_pb_text][et_pb_divider color=&#8221;#848688&#8243; _builder_version=&#8221;4.9.2&#8243; _module_preset=&#8221;default&#8221; width=&#8221;15%&#8221; custom_margin=&#8221;||13px|||&#8221;][\/et_pb_divider][et_pb_text _builder_version=&#8221;4.9.2&#8243; _module_preset=&#8221;default&#8221; header_4_font=&#8221;Open Sans||||||||&#8221; header_4_text_color=&#8221;#848688&#8243; header_4_font_size=&#8221;17px&#8221; header_4_line_height=&#8221;1.2em&#8221; custom_margin=&#8221;10px|||||&#8221;] Local\u00a0 \u00a0 \u00a0 \u00a0 \u00a0 \u00a0 \u00a0 \u00a0 \u00a0 \u00a0 \u00a0 \u00a0 \u00a0 [&hellip;]<\/p>\n","protected":false},"author":1,"featured_media":0,"parent":0,"menu_order":0,"comment_status":"closed","ping_status":"closed","template":"","meta":{"_et_pb_use_builder":"on","_et_pb_old_content":"","_et_gb_content_width":"","_joinchat":[],"footnotes":""},"class_list":["post-592","page","type-page","status-publish","hentry"],"jetpack_sharing_enabled":true,"_links":{"self":[{"href":"https:\/\/dupmarketing.com.br\/index.php\/wp-json\/wp\/v2\/pages\/592","targetHints":{"allow":["GET"]}}],"collection":[{"href":"https:\/\/dupmarketing.com.br\/index.php\/wp-json\/wp\/v2\/pages"}],"about":[{"href":"https:\/\/dupmarketing.com.br\/index.php\/wp-json\/wp\/v2\/types\/page"}],"author":[{"embeddable":true,"href":"https:\/\/dupmarketing.com.br\/index.php\/wp-json\/wp\/v2\/users\/1"}],"replies":[{"embeddable":true,"href":"https:\/\/dupmarketing.com.br\/index.php\/wp-json\/wp\/v2\/comments?post=592"}],"version-history":[{"count":4,"href":"https:\/\/dupmarketing.com.br\/index.php\/wp-json\/wp\/v2\/pages\/592\/revisions"}],"predecessor-version":[{"id":981,"href":"https:\/\/dupmarketing.com.br\/index.php\/wp-json\/wp\/v2\/pages\/592\/revisions\/981"}],"wp:attachment":[{"href":"https:\/\/dupmarketing.com.br\/index.php\/wp-json\/wp\/v2\/media?parent=592"}],"curies":[{"name":"wp","href":"https:\/\/api.w.org\/{rel}","templated":true}]}}