{"id":564,"date":"2024-04-04T09:22:48","date_gmt":"2024-04-04T12:22:48","guid":{"rendered":"https:\/\/dupmarketing.com.br\/?page_id=564"},"modified":"2024-04-05T13:53:11","modified_gmt":"2024-04-05T16:53:11","slug":"exclusiva","status":"publish","type":"page","link":"https:\/\/dupmarketing.com.br\/index.php\/exclusiva\/","title":{"rendered":"exclusiva"},"content":{"rendered":"<p>[et_pb_section fb_built=&#8221;1&#8243; _builder_version=&#8221;4.9.2&#8243; _module_preset=&#8221;default&#8221;][et_pb_row column_structure=&#8221;2_5,3_5&#8243; _builder_version=&#8221;4.9.2&#8243; _module_preset=&#8221;default&#8221; hover_enabled=&#8221;0&#8243; sticky_enabled=&#8221;0&#8243;][et_pb_column type=&#8221;2_5&#8243; _builder_version=&#8221;4.9.2&#8243; _module_preset=&#8221;default&#8221;][et_pb_text _builder_version=&#8221;4.9.2&#8243; _module_preset=&#8221;default&#8221; header_font=&#8221;Montserrat|800|||||||&#8221; header_text_color=&#8221;#848688&#8243; header_font_size=&#8221;44px&#8221; custom_margin=&#8221;|-19px|-4px|||&#8221;]<\/p>\n<h1>Exclusiva<\/h1>\n<p>[\/et_pb_text][et_pb_text _builder_version=&#8221;4.9.2&#8243; _module_preset=&#8221;default&#8221; header_2_font=&#8221;Montserrat|300|||||||&#8221; header_2_text_color=&#8221;#848688&#8243; header_2_font_size=&#8221;24px&#8221;]<\/p>\n<h2>by Renata D\u00e1rio<\/h2>\n<p>[\/et_pb_text][et_pb_divider color=&#8221;#848688&#8243; _builder_version=&#8221;4.9.2&#8243; _module_preset=&#8221;default&#8221; width=&#8221;15%&#8221; custom_margin=&#8221;||13px|||&#8221;][\/et_pb_divider][et_pb_text _builder_version=&#8221;4.9.2&#8243; _module_preset=&#8221;default&#8221; header_4_font=&#8221;Open Sans||||||||&#8221; header_4_text_color=&#8221;#848688&#8243; header_4_font_size=&#8221;17px&#8221; header_4_line_height=&#8221;1.2em&#8221; custom_margin=&#8221;10px|||||&#8221;]<\/p>\n<h4>Local\u00a0 \u00a0 \u00a0 \u00a0 \u00a0 \u00a0 \u00a0 \u00a0 \u00a0 \u00a0 \u00a0 \u00a0 \u00a0 \u00a0 \u00a0 \u00a0 Ano<br \/>Santa B\u00e1rbara d\u00b4Oeste 2024<\/h4>\n<p>[\/et_pb_text][\/et_pb_column][et_pb_column type=&#8221;3_5&#8243; _builder_version=&#8221;4.9.2&#8243; _module_preset=&#8221;default&#8221;][et_pb_text _builder_version=&#8221;4.9.2&#8243; _module_preset=&#8221;default&#8221; header_4_font=&#8221;Open Sans||||||||&#8221; header_4_text_color=&#8221;#848688&#8243; header_4_font_size=&#8221;17px&#8221; header_4_line_height=&#8221;1.2em&#8221; header_5_font=&#8221;Open Sans||||||||&#8221; header_5_text_color=&#8221;#848688&#8243; header_5_line_height=&#8221;1.4em&#8221; width=&#8221;95%&#8221; custom_margin=&#8221;|||-1px||&#8221;]<\/p>\n<p>A <strong>Renata D\u00e1rio<\/strong>, propriet\u00e1ria da loja de roupas <strong>Exclusiva<\/strong> nos confiou o rebranding da sua marca e n\u00e3o \u00e9 tarefa simples reposicionar e criar um novo <strong>caminho<\/strong> <strong>visual<\/strong> para uma empresa que j\u00e1 tem <strong>13 anos de exist\u00eancia.<\/strong><\/p>\n<p>Depois de muita pesquisa e <strong>imers\u00e3o na hist\u00f3ria<\/strong> da empresa e inclusive da marca, constru\u00edmos um logotipo cl\u00e1ssico, atemporal, charmoso e com uma identidade visual leve e de personalidade que acolha as clientes.<\/p>\n<p>O pictograma dessa marca \u00e9 bem <strong>criativo<\/strong>, pois al\u00e9m de ser a jun\u00e7\u00e3o das letras V + A, formando um X de eXclusiva, ele tamb\u00e9m <strong>conecta \u00e0s vers\u00f5es anteriores da marca<\/strong>, com um <strong>cabide <\/strong>estilizado.<\/p>\n<p>Al\u00e9m do rebranding entregamos tamb\u00e9m uma<strong> consultoria de brand posicionamento<\/strong> para o cliente, apresentando todo o novo <strong>posicionamento<\/strong> e <strong>estrat\u00e9gia <\/strong>de tom de voz da marca para que sigam daqui para frente na comunica\u00e7\u00e3o.<\/p>\n<p>[\/et_pb_text][\/et_pb_column][\/et_pb_row][et_pb_row _builder_version=&#8221;4.9.2&#8243; _module_preset=&#8221;default&#8221;][et_pb_column type=&#8221;4_4&#8243; _builder_version=&#8221;4.9.2&#8243; _module_preset=&#8221;default&#8221;][et_pb_image src=&#8221;https:\/\/dupmarketing.com.br\/wp-content\/uploads\/2024\/04\/EXCLUSIVA-1.png&#8221; title_text=&#8221;EXCLUSIVA 1&#8243; _builder_version=&#8221;4.9.2&#8243; _module_preset=&#8221;default&#8221; custom_margin=&#8221;||-1px|||&#8221; border_radii=&#8221;off|25px|25px||&#8221;][\/et_pb_image][et_pb_image src=&#8221;https:\/\/dupmarketing.com.br\/wp-content\/uploads\/2024\/04\/EXCLUSIVA-2-1.png&#8221; title_text=&#8221;EXCLUSIVA 2&#8243; _builder_version=&#8221;4.9.2&#8243; _module_preset=&#8221;default&#8221; custom_margin=&#8221;||-3px|||&#8221;][\/et_pb_image][et_pb_image src=&#8221;https:\/\/dupmarketing.com.br\/wp-content\/uploads\/2024\/04\/EXCLUSIVA-3.png&#8221; title_text=&#8221;EXCLUSIVA 3&#8243; _builder_version=&#8221;4.9.2&#8243; _module_preset=&#8221;default&#8221; custom_margin=&#8221;||-4px|||&#8221;][\/et_pb_image][et_pb_image src=&#8221;https:\/\/dupmarketing.com.br\/wp-content\/uploads\/2024\/04\/EXCLUSIVA-4.png&#8221; title_text=&#8221;EXCLUSIVA 4&#8243; _builder_version=&#8221;4.9.2&#8243; _module_preset=&#8221;default&#8221; custom_margin=&#8221;||-3px|||&#8221;][\/et_pb_image][et_pb_image src=&#8221;https:\/\/dupmarketing.com.br\/wp-content\/uploads\/2024\/04\/EXCLUSIVA-5.png&#8221; title_text=&#8221;EXCLUSIVA 5&#8243; _builder_version=&#8221;4.9.2&#8243; _module_preset=&#8221;default&#8221; custom_margin=&#8221;||-2px|||&#8221;][\/et_pb_image][et_pb_image src=&#8221;https:\/\/dupmarketing.com.br\/wp-content\/uploads\/2024\/04\/EXCLUSIVA-6.png&#8221; title_text=&#8221;EXCLUSIVA 6&#8243; _builder_version=&#8221;4.9.2&#8243; _module_preset=&#8221;default&#8221; custom_margin=&#8221;||-3px|||&#8221;][\/et_pb_image][et_pb_image src=&#8221;https:\/\/dupmarketing.com.br\/wp-content\/uploads\/2024\/04\/EXCLUSIVA-7.png&#8221; title_text=&#8221;EXCLUSIVA 7&#8243; _builder_version=&#8221;4.9.2&#8243; _module_preset=&#8221;default&#8221; custom_margin=&#8221;||0px|||&#8221;][\/et_pb_image][et_pb_image src=&#8221;https:\/\/dupmarketing.com.br\/wp-content\/uploads\/2024\/04\/EXCLUSIVA-8.png&#8221; title_text=&#8221;EXCLUSIVA 8&#8243; _builder_version=&#8221;4.9.2&#8243; _module_preset=&#8221;default&#8221;][\/et_pb_image][et_pb_button button_url=&#8221;https:\/\/dupmarketing.com.br\/index.php\/portfolio-2\/&#8221; button_text=&#8221;Voltar&#8221; button_alignment=&#8221;center&#8221; _builder_version=&#8221;4.9.2&#8243; _module_preset=&#8221;default&#8221; custom_button=&#8221;on&#8221; button_text_color=&#8221;#848688&#8243; button_border_radius=&#8221;55px&#8221; button_letter_spacing=&#8221;-1px&#8221; button_font=&#8221;Open Sans|700|||||||&#8221; custom_padding=&#8221;|32px||32px|false|true&#8221;][\/et_pb_button][\/et_pb_column][\/et_pb_row][\/et_pb_section]<\/p>\n","protected":false},"excerpt":{"rendered":"<p>[et_pb_section fb_built=&#8221;1&#8243; _builder_version=&#8221;4.9.2&#8243; _module_preset=&#8221;default&#8221;][et_pb_row column_structure=&#8221;2_5,3_5&#8243; _builder_version=&#8221;4.9.2&#8243; _module_preset=&#8221;default&#8221; hover_enabled=&#8221;0&#8243; sticky_enabled=&#8221;0&#8243;][et_pb_column type=&#8221;2_5&#8243; _builder_version=&#8221;4.9.2&#8243; _module_preset=&#8221;default&#8221;][et_pb_text _builder_version=&#8221;4.9.2&#8243; _module_preset=&#8221;default&#8221; header_font=&#8221;Montserrat|800|||||||&#8221; header_text_color=&#8221;#848688&#8243; header_font_size=&#8221;44px&#8221; custom_margin=&#8221;|-19px|-4px|||&#8221;] Exclusiva [\/et_pb_text][et_pb_text _builder_version=&#8221;4.9.2&#8243; _module_preset=&#8221;default&#8221; header_2_font=&#8221;Montserrat|300|||||||&#8221; header_2_text_color=&#8221;#848688&#8243; header_2_font_size=&#8221;24px&#8221;] by Renata D\u00e1rio [\/et_pb_text][et_pb_divider color=&#8221;#848688&#8243; _builder_version=&#8221;4.9.2&#8243; _module_preset=&#8221;default&#8221; width=&#8221;15%&#8221; custom_margin=&#8221;||13px|||&#8221;][\/et_pb_divider][et_pb_text _builder_version=&#8221;4.9.2&#8243; _module_preset=&#8221;default&#8221; header_4_font=&#8221;Open Sans||||||||&#8221; header_4_text_color=&#8221;#848688&#8243; header_4_font_size=&#8221;17px&#8221; header_4_line_height=&#8221;1.2em&#8221; custom_margin=&#8221;10px|||||&#8221;] Local\u00a0 \u00a0 \u00a0 \u00a0 \u00a0 \u00a0 \u00a0 \u00a0 \u00a0 \u00a0 \u00a0 \u00a0 \u00a0 [&hellip;]<\/p>\n","protected":false},"author":1,"featured_media":0,"parent":0,"menu_order":0,"comment_status":"closed","ping_status":"closed","template":"","meta":{"_et_pb_use_builder":"on","_et_pb_old_content":"","_et_gb_content_width":"","_joinchat":[],"footnotes":""},"class_list":["post-564","page","type-page","status-publish","hentry"],"jetpack_sharing_enabled":true,"_links":{"self":[{"href":"https:\/\/dupmarketing.com.br\/index.php\/wp-json\/wp\/v2\/pages\/564","targetHints":{"allow":["GET"]}}],"collection":[{"href":"https:\/\/dupmarketing.com.br\/index.php\/wp-json\/wp\/v2\/pages"}],"about":[{"href":"https:\/\/dupmarketing.com.br\/index.php\/wp-json\/wp\/v2\/types\/page"}],"author":[{"embeddable":true,"href":"https:\/\/dupmarketing.com.br\/index.php\/wp-json\/wp\/v2\/users\/1"}],"replies":[{"embeddable":true,"href":"https:\/\/dupmarketing.com.br\/index.php\/wp-json\/wp\/v2\/comments?post=564"}],"version-history":[{"count":4,"href":"https:\/\/dupmarketing.com.br\/index.php\/wp-json\/wp\/v2\/pages\/564\/revisions"}],"predecessor-version":[{"id":1005,"href":"https:\/\/dupmarketing.com.br\/index.php\/wp-json\/wp\/v2\/pages\/564\/revisions\/1005"}],"wp:attachment":[{"href":"https:\/\/dupmarketing.com.br\/index.php\/wp-json\/wp\/v2\/media?parent=564"}],"curies":[{"name":"wp","href":"https:\/\/api.w.org\/{rel}","templated":true}]}}