{"id":2008,"date":"2026-03-30T19:38:07","date_gmt":"2026-03-30T22:38:07","guid":{"rendered":"https:\/\/dupmarketing.com.br\/?page_id=2008"},"modified":"2026-04-14T18:14:00","modified_gmt":"2026-04-14T21:14:00","slug":"my-moment","status":"publish","type":"page","link":"https:\/\/dupmarketing.com.br\/index.php\/my-moment\/","title":{"rendered":"My Moment"},"content":{"rendered":"<p>[et_pb_section fb_built=&#8221;1&#8243; _builder_version=&#8221;4.9.2&#8243; _module_preset=&#8221;default&#8221; da_disable_devices=&#8221;off|off|off&#8221; da_is_popup=&#8221;off&#8221; da_exit_intent=&#8221;off&#8221; da_has_close=&#8221;on&#8221; da_alt_close=&#8221;off&#8221; da_dark_close=&#8221;off&#8221; da_not_modal=&#8221;on&#8221; da_is_singular=&#8221;off&#8221; da_with_loader=&#8221;off&#8221; da_has_shadow=&#8221;on&#8221;][et_pb_row column_structure=&#8221;2_5,3_5&#8243; _builder_version=&#8221;4.9.2&#8243; _module_preset=&#8221;default&#8221;][et_pb_column type=&#8221;2_5&#8243; _builder_version=&#8221;4.9.2&#8243; _module_preset=&#8221;default&#8221;][et_pb_text _builder_version=&#8221;4.9.2&#8243; _module_preset=&#8221;default&#8221; header_font=&#8221;Montserrat|800|||||||&#8221; header_text_color=&#8221;#848688&#8243; header_font_size=&#8221;44px&#8221; custom_margin=&#8221;|-19px|-4px|||&#8221;]<\/p>\n<h1>My Moment<\/h1>\n<p>[\/et_pb_text][et_pb_text _builder_version=&#8221;4.9.2&#8243; _module_preset=&#8221;default&#8221; header_2_font=&#8221;Montserrat|300|||||||&#8221; header_2_text_color=&#8221;#848688&#8243; header_2_font_size=&#8221;24px&#8221;]<\/p>\n<h2>beauty concept<\/h2>\n<p>[\/et_pb_text][et_pb_divider color=&#8221;#848688&#8243; _builder_version=&#8221;4.9.2&#8243; _module_preset=&#8221;default&#8221; width=&#8221;15%&#8221; custom_margin=&#8221;||13px|||&#8221;][\/et_pb_divider][et_pb_text _builder_version=&#8221;4.9.2&#8243; _module_preset=&#8221;default&#8221; header_4_font=&#8221;Open Sans||||||||&#8221; header_4_text_color=&#8221;#848688&#8243; header_4_font_size=&#8221;17px&#8221; header_4_line_height=&#8221;1.2em&#8221; custom_margin=&#8221;10px|||||&#8221;]<\/p>\n<h4>Local\u00a0 \u00a0 \u00a0 \u00a0 \u00a0 \u00a0 \u00a0 \u00a0 \u00a0 \u00a0 \u00a0 \u00a0 \u00a0 \u00a0 \u00a0 \u00a0 Ano<br \/>Americana\u00a0 \u00a0 \u00a0 \u00a0 \u00a0 \u00a0 \u00a0 \u00a0 \u00a0 \u00a0 \u00a0 2026<\/h4>\n<p>[\/et_pb_text][\/et_pb_column][et_pb_column type=&#8221;3_5&#8243; _builder_version=&#8221;4.9.2&#8243; _module_preset=&#8221;default&#8221;][et_pb_text _builder_version=&#8221;4.9.2&#8243; _module_preset=&#8221;default&#8221; header_4_font=&#8221;Open Sans||||||||&#8221; header_4_text_color=&#8221;#848688&#8243; header_4_font_size=&#8221;17px&#8221; header_4_line_height=&#8221;1.2em&#8221; header_5_font=&#8221;Open Sans||||||||&#8221; header_5_text_color=&#8221;#848688&#8243; header_5_line_height=&#8221;1.9em&#8221; width=&#8221;95%&#8221; custom_margin=&#8221;|||-1px||&#8221; hover_enabled=&#8221;0&#8243; sticky_enabled=&#8221;0&#8243;]<\/p>\n<h5>A marca My Moment nasce do entendimento de que o autocuidado \u00e9 mais <br \/>do que um h\u00e1bito, \u00e9 um momento de pausa, presen\u00e7a e reconex\u00e3o consigo mesma.<\/h5>\n<h5>Inspirada na delicadeza dos gestos sutis e na leveza dos pequenos rituais, <br \/>a marca traduz o cuidado como uma experi\u00eancia sensorial e significativa. <br \/>Cada detalhe foi pensado para despertar acolhimento, bem-estar e a sensa\u00e7\u00e3o de um tempo que pertence exclusivamente \u00e0 cliente da marca.<\/h5>\n<h5>Sua identidade visual refor\u00e7a esse conceito: a tipografia fluida expressa movimento e sensibilidade, enquanto a borboleta simboliza transforma\u00e7\u00e3o, renova\u00e7\u00e3o e florescimento, um convite para revelar a beleza que j\u00e1 existe, respeitando cada fase do processo.<\/h5>\n<h5>Mais do que est\u00e9tica, a My Moment comunica feminilidade com profundidade.<\/h5>\n<p>[\/et_pb_text][\/et_pb_column][\/et_pb_row][et_pb_row _builder_version=&#8221;4.9.2&#8243; _module_preset=&#8221;default&#8221;][et_pb_column type=&#8221;4_4&#8243; _builder_version=&#8221;4.9.2&#8243; _module_preset=&#8221;default&#8221;][et_pb_image src=&#8221;https:\/\/dupmarketing.com.br\/wp-content\/uploads\/2026\/03\/MY-MOMENT-1.png&#8221; title_text=&#8221;MY MOMENT-1&#8243; _builder_version=&#8221;4.9.2&#8243; _module_preset=&#8221;default&#8221; border_radii=&#8221;off|25px|25px||&#8221;][\/et_pb_image][et_pb_image src=&#8221;https:\/\/dupmarketing.com.br\/wp-content\/uploads\/2026\/03\/MY-MOMENT-2.png&#8221; title_text=&#8221;MY MOMENT-2&#8243; _builder_version=&#8221;4.9.2&#8243; _module_preset=&#8221;default&#8221; custom_margin=&#8221;-32px|||||&#8221;][\/et_pb_image][et_pb_image src=&#8221;https:\/\/dupmarketing.com.br\/wp-content\/uploads\/2026\/03\/MY-MOMENT-3.png&#8221; title_text=&#8221;MY MOMENT-3&#8243; _builder_version=&#8221;4.9.2&#8243; _module_preset=&#8221;default&#8221; custom_margin=&#8221;-29px|||||&#8221;][\/et_pb_image][et_pb_image src=&#8221;https:\/\/dupmarketing.com.br\/wp-content\/uploads\/2026\/03\/MY-MOMENT-4.png&#8221; title_text=&#8221;MY MOMENT-4&#8243; _builder_version=&#8221;4.9.2&#8243; _module_preset=&#8221;default&#8221; custom_margin=&#8221;-30px||29px|||&#8221;][\/et_pb_image][et_pb_image src=&#8221;https:\/\/dupmarketing.com.br\/wp-content\/uploads\/2026\/03\/MY-MOMENT-6.png&#8221; title_text=&#8221;MY MOMENT-6&#8243; _builder_version=&#8221;4.9.2&#8243; _module_preset=&#8221;default&#8221; custom_margin=&#8221;-32px|||||&#8221; border_radii=&#8221;off|||25px|25px&#8221;][\/et_pb_image][et_pb_button button_url=&#8221;https:\/\/dupmarketing.com.br\/index.php\/portfolio-2\/&#8221; button_text=&#8221;Voltar&#8221; button_alignment=&#8221;center&#8221; _builder_version=&#8221;4.9.2&#8243; _module_preset=&#8221;default&#8221; custom_button=&#8221;on&#8221; button_text_color=&#8221;#848688&#8243; button_border_radius=&#8221;55px&#8221; button_letter_spacing=&#8221;-1px&#8221; button_font=&#8221;Open Sans|700|||||||&#8221; custom_padding=&#8221;|32px||32px|false|true&#8221;][\/et_pb_button][\/et_pb_column][\/et_pb_row][\/et_pb_section]<\/p>\n","protected":false},"excerpt":{"rendered":"<p>[et_pb_section fb_built=&#8221;1&#8243; _builder_version=&#8221;4.9.2&#8243; _module_preset=&#8221;default&#8221; da_disable_devices=&#8221;off|off|off&#8221; da_is_popup=&#8221;off&#8221; da_exit_intent=&#8221;off&#8221; da_has_close=&#8221;on&#8221; da_alt_close=&#8221;off&#8221; da_dark_close=&#8221;off&#8221; da_not_modal=&#8221;on&#8221; da_is_singular=&#8221;off&#8221; da_with_loader=&#8221;off&#8221; da_has_shadow=&#8221;on&#8221;][et_pb_row column_structure=&#8221;2_5,3_5&#8243; _builder_version=&#8221;4.9.2&#8243; _module_preset=&#8221;default&#8221;][et_pb_column type=&#8221;2_5&#8243; _builder_version=&#8221;4.9.2&#8243; _module_preset=&#8221;default&#8221;][et_pb_text _builder_version=&#8221;4.9.2&#8243; _module_preset=&#8221;default&#8221; header_font=&#8221;Montserrat|800|||||||&#8221; header_text_color=&#8221;#848688&#8243; header_font_size=&#8221;44px&#8221; custom_margin=&#8221;|-19px|-4px|||&#8221;] My Moment [\/et_pb_text][et_pb_text _builder_version=&#8221;4.9.2&#8243; _module_preset=&#8221;default&#8221; header_2_font=&#8221;Montserrat|300|||||||&#8221; header_2_text_color=&#8221;#848688&#8243; header_2_font_size=&#8221;24px&#8221;] beauty concept [\/et_pb_text][et_pb_divider color=&#8221;#848688&#8243; _builder_version=&#8221;4.9.2&#8243; _module_preset=&#8221;default&#8221; width=&#8221;15%&#8221; custom_margin=&#8221;||13px|||&#8221;][\/et_pb_divider][et_pb_text _builder_version=&#8221;4.9.2&#8243; _module_preset=&#8221;default&#8221; header_4_font=&#8221;Open Sans||||||||&#8221; header_4_text_color=&#8221;#848688&#8243; header_4_font_size=&#8221;17px&#8221; header_4_line_height=&#8221;1.2em&#8221; custom_margin=&#8221;10px|||||&#8221;] Local\u00a0 \u00a0 \u00a0 \u00a0 \u00a0 [&hellip;]<\/p>\n","protected":false},"author":1,"featured_media":0,"parent":0,"menu_order":0,"comment_status":"closed","ping_status":"closed","template":"","meta":{"_et_pb_use_builder":"on","_et_pb_old_content":"","_et_gb_content_width":"","_joinchat":[],"footnotes":""},"class_list":["post-2008","page","type-page","status-publish","hentry"],"jetpack_sharing_enabled":true,"_links":{"self":[{"href":"https:\/\/dupmarketing.com.br\/index.php\/wp-json\/wp\/v2\/pages\/2008","targetHints":{"allow":["GET"]}}],"collection":[{"href":"https:\/\/dupmarketing.com.br\/index.php\/wp-json\/wp\/v2\/pages"}],"about":[{"href":"https:\/\/dupmarketing.com.br\/index.php\/wp-json\/wp\/v2\/types\/page"}],"author":[{"embeddable":true,"href":"https:\/\/dupmarketing.com.br\/index.php\/wp-json\/wp\/v2\/users\/1"}],"replies":[{"embeddable":true,"href":"https:\/\/dupmarketing.com.br\/index.php\/wp-json\/wp\/v2\/comments?post=2008"}],"version-history":[{"count":5,"href":"https:\/\/dupmarketing.com.br\/index.php\/wp-json\/wp\/v2\/pages\/2008\/revisions"}],"predecessor-version":[{"id":2027,"href":"https:\/\/dupmarketing.com.br\/index.php\/wp-json\/wp\/v2\/pages\/2008\/revisions\/2027"}],"wp:attachment":[{"href":"https:\/\/dupmarketing.com.br\/index.php\/wp-json\/wp\/v2\/media?parent=2008"}],"curies":[{"name":"wp","href":"https:\/\/api.w.org\/{rel}","templated":true}]}}