{"id":1795,"date":"2025-06-09T19:58:20","date_gmt":"2025-06-09T22:58:20","guid":{"rendered":"https:\/\/dupmarketing.com.br\/?page_id=1795"},"modified":"2025-06-10T17:23:33","modified_gmt":"2025-06-10T20:23:33","slug":"duo","status":"publish","type":"page","link":"https:\/\/dupmarketing.com.br\/index.php\/duo\/","title":{"rendered":"duo"},"content":{"rendered":"<p>[et_pb_section fb_built=&#8221;1&#8243; _builder_version=&#8221;4.9.2&#8243; _module_preset=&#8221;default&#8221; da_disable_devices=&#8221;off|off|off&#8221; da_is_popup=&#8221;off&#8221; da_exit_intent=&#8221;off&#8221; da_has_close=&#8221;on&#8221; da_alt_close=&#8221;off&#8221; da_dark_close=&#8221;off&#8221; da_not_modal=&#8221;on&#8221; da_is_singular=&#8221;off&#8221; da_with_loader=&#8221;off&#8221; da_has_shadow=&#8221;on&#8221;][et_pb_row column_structure=&#8221;2_5,3_5&#8243; _builder_version=&#8221;4.9.2&#8243; _module_preset=&#8221;default&#8221;][et_pb_column type=&#8221;2_5&#8243; _builder_version=&#8221;4.9.2&#8243; _module_preset=&#8221;default&#8221;][et_pb_text _builder_version=&#8221;4.9.2&#8243; _module_preset=&#8221;default&#8221; header_font=&#8221;Montserrat|800|||||||&#8221; header_text_color=&#8221;#848688&#8243; header_font_size=&#8221;44px&#8221; custom_margin=&#8221;|-19px|-4px|||&#8221;]<\/p>\n<h1>Duo Performance<\/h1>\n<p>[\/et_pb_text][et_pb_text _builder_version=&#8221;4.9.2&#8243; _module_preset=&#8221;default&#8221; header_2_font=&#8221;Montserrat|300|||||||&#8221; header_2_text_color=&#8221;#848688&#8243; header_2_font_size=&#8221;24px&#8221;]<\/p>\n<h2>Fisioterapia Especializada<\/h2>\n<h2>Pilates<\/h2>\n<h2>Joelho<\/h2>\n<p>[\/et_pb_text][et_pb_divider color=&#8221;#848688&#8243; _builder_version=&#8221;4.9.2&#8243; _module_preset=&#8221;default&#8221; width=&#8221;15%&#8221; custom_margin=&#8221;||13px|||&#8221;][\/et_pb_divider][et_pb_text _builder_version=&#8221;4.9.2&#8243; _module_preset=&#8221;default&#8221; header_4_font=&#8221;Open Sans||||||||&#8221; header_4_text_color=&#8221;#848688&#8243; header_4_font_size=&#8221;17px&#8221; header_4_line_height=&#8221;1.2em&#8221; custom_margin=&#8221;10px|||||&#8221;]<\/p>\n<h4>Local\u00a0 \u00a0 \u00a0 \u00a0 \u00a0 \u00a0 \u00a0 \u00a0 \u00a0 \u00a0 \u00a0 \u00a0 \u00a0 \u00a0 \u00a0 \u00a0 Ano<br \/>Americana\u00a0 \u00a0 \u00a0 \u00a0 \u00a0 \u00a0 \u00a0 \u00a0 \u00a0 \u00a0 \u00a0 2025<\/h4>\n<p>[\/et_pb_text][\/et_pb_column][et_pb_column type=&#8221;3_5&#8243; _builder_version=&#8221;4.9.2&#8243; _module_preset=&#8221;default&#8221;][et_pb_text _builder_version=&#8221;4.9.2&#8243; _module_preset=&#8221;default&#8221; header_4_font=&#8221;Open Sans||||||||&#8221; header_4_text_color=&#8221;#848688&#8243; header_4_font_size=&#8221;17px&#8221; header_4_line_height=&#8221;1.2em&#8221; header_5_font=&#8221;Open Sans||||||||&#8221; header_5_text_color=&#8221;#848688&#8243; header_5_line_height=&#8221;1.4em&#8221; width=&#8221;95%&#8221; custom_margin=&#8221;|||-1px||&#8221;]<\/p>\n<h5>A Duo Performance \u00e9 uma cl\u00ednica especializada em fisioterapia, pilates e reabilita\u00e7\u00e3o de joelho, moderna, din\u00e2mica e comprometida com o cuidado funcional do corpo.<\/h5>\n<h5>Neste novo momento, a marca evoluiu, e o redesign que fizemos acompanha esse movimento. A nova identidade visual reflete n\u00e3o apenas o crescimento da Duo, mas tamb\u00e9m a segmenta\u00e7\u00e3o em <strong><span data-token-index=\"1\" class=\"notion-enable-hover\">submarcas<\/span><\/strong>, trazendo mais clareza e organiza\u00e7\u00e3o \u00e0 comunica\u00e7\u00e3o dos diferentes servi\u00e7os oferecidos. A proposta visual equilibra <strong><span data-token-index=\"3\" class=\"notion-enable-hover\">especializa\u00e7\u00e3o, movimento e evolu\u00e7\u00e3o<\/span><\/strong>, com uma combina\u00e7\u00e3o estrat\u00e9gica de cores que traduzem os pilares da marca.<\/h5>\n<h5>O resultado \u00e9 uma marca que inspira <strong><span data-token-index=\"5\" class=\"notion-enable-hover\">confian\u00e7a e inova\u00e7\u00e3o<\/span><\/strong>, comunicando com harmonia tanto a t\u00e9cnica quanto o cuidado que a Duo Performance entrega em cada atendimento.<!-- notionvc: 9369515b-c7be-41fa-8e95-ea8cf9098554 --><\/h5>\n<p>[\/et_pb_text][\/et_pb_column][\/et_pb_row][et_pb_row _builder_version=&#8221;4.9.2&#8243; _module_preset=&#8221;default&#8221;][et_pb_column type=&#8221;4_4&#8243; _builder_version=&#8221;4.9.2&#8243; _module_preset=&#8221;default&#8221;][et_pb_image src=&#8221;https:\/\/dupmarketing.com.br\/wp-content\/uploads\/2025\/06\/DUO-1.png&#8221; title_text=&#8221;DUO-1&#8243; _builder_version=&#8221;4.9.2&#8243; _module_preset=&#8221;default&#8221; border_radii=&#8221;off|25px|25px||&#8221;][\/et_pb_image][et_pb_image src=&#8221;https:\/\/dupmarketing.com.br\/wp-content\/uploads\/2025\/06\/DUO-2.png&#8221; title_text=&#8221;DUO-2&#8243; _builder_version=&#8221;4.9.2&#8243; _module_preset=&#8221;default&#8221; custom_margin=&#8221;-32px|||||&#8221;][\/et_pb_image][et_pb_image src=&#8221;https:\/\/dupmarketing.com.br\/wp-content\/uploads\/2025\/06\/DUO-3.png&#8221; title_text=&#8221;DUO-3&#8243; _builder_version=&#8221;4.9.2&#8243; _module_preset=&#8221;default&#8221; custom_margin=&#8221;-30px||||false|false&#8221; hover_enabled=&#8221;0&#8243; sticky_enabled=&#8221;0&#8243;][\/et_pb_image][et_pb_image src=&#8221;https:\/\/dupmarketing.com.br\/wp-content\/uploads\/2025\/06\/DUO-4.png&#8221; title_text=&#8221;DUO-4&#8243; _builder_version=&#8221;4.9.2&#8243; _module_preset=&#8221;default&#8221; custom_margin=&#8221;-30px||29px|||&#8221;][\/et_pb_image][et_pb_image src=&#8221;https:\/\/dupmarketing.com.br\/wp-content\/uploads\/2025\/06\/DUO-5.png&#8221; title_text=&#8221;DUO-5&#8243; _builder_version=&#8221;4.9.2&#8243; _module_preset=&#8221;default&#8221; custom_margin=&#8221;-31px||-2px|||&#8221;][\/et_pb_image][et_pb_image src=&#8221;https:\/\/dupmarketing.com.br\/wp-content\/uploads\/2025\/06\/DUO-6.png&#8221; title_text=&#8221;DUO-6&#8243; _builder_version=&#8221;4.9.2&#8243; _module_preset=&#8221;default&#8221; custom_margin=&#8221;||-1px|||&#8221;][\/et_pb_image][et_pb_image src=&#8221;https:\/\/dupmarketing.com.br\/wp-content\/uploads\/2025\/06\/DUO-7.png&#8221; title_text=&#8221;DUO-7&#8243; _builder_version=&#8221;4.9.2&#8243; _module_preset=&#8221;default&#8221; custom_margin=&#8221;||-3px|||&#8221;][\/et_pb_image][et_pb_image src=&#8221;https:\/\/dupmarketing.com.br\/wp-content\/uploads\/2025\/06\/DUO-8.png&#8221; title_text=&#8221;DUO-8&#8243; _builder_version=&#8221;4.9.2&#8243; _module_preset=&#8221;default&#8221;][\/et_pb_image][et_pb_image src=&#8221;https:\/\/dupmarketing.com.br\/wp-content\/uploads\/2025\/06\/DUO-9.png&#8221; title_text=&#8221;DUO-9&#8243; _builder_version=&#8221;4.9.2&#8243; _module_preset=&#8221;default&#8221; custom_margin=&#8221;-31px|||||&#8221;][\/et_pb_image][et_pb_image src=&#8221;https:\/\/dupmarketing.com.br\/wp-content\/uploads\/2025\/06\/DUO-10.png&#8221; title_text=&#8221;DUO-10&#8243; _builder_version=&#8221;4.9.2&#8243; _module_preset=&#8221;default&#8221; custom_margin=&#8221;-32px|||||&#8221; border_radii=&#8221;off|||25px|25px&#8221;][\/et_pb_image][et_pb_button button_url=&#8221;https:\/\/dupmarketing.com.br\/index.php\/portfolio-2\/&#8221; button_text=&#8221;Voltar&#8221; button_alignment=&#8221;center&#8221; _builder_version=&#8221;4.9.2&#8243; _module_preset=&#8221;default&#8221; custom_button=&#8221;on&#8221; button_text_color=&#8221;#848688&#8243; button_border_radius=&#8221;55px&#8221; button_letter_spacing=&#8221;-1px&#8221; button_font=&#8221;Open Sans|700|||||||&#8221; custom_padding=&#8221;|32px||32px|false|true&#8221;][\/et_pb_button][\/et_pb_column][\/et_pb_row][\/et_pb_section]<\/p>\n","protected":false},"excerpt":{"rendered":"<p>[et_pb_section fb_built=&#8221;1&#8243; _builder_version=&#8221;4.9.2&#8243; _module_preset=&#8221;default&#8221; da_disable_devices=&#8221;off|off|off&#8221; da_is_popup=&#8221;off&#8221; da_exit_intent=&#8221;off&#8221; da_has_close=&#8221;on&#8221; da_alt_close=&#8221;off&#8221; da_dark_close=&#8221;off&#8221; da_not_modal=&#8221;on&#8221; da_is_singular=&#8221;off&#8221; da_with_loader=&#8221;off&#8221; da_has_shadow=&#8221;on&#8221;][et_pb_row column_structure=&#8221;2_5,3_5&#8243; _builder_version=&#8221;4.9.2&#8243; _module_preset=&#8221;default&#8221;][et_pb_column type=&#8221;2_5&#8243; _builder_version=&#8221;4.9.2&#8243; _module_preset=&#8221;default&#8221;][et_pb_text _builder_version=&#8221;4.9.2&#8243; _module_preset=&#8221;default&#8221; header_font=&#8221;Montserrat|800|||||||&#8221; header_text_color=&#8221;#848688&#8243; header_font_size=&#8221;44px&#8221; custom_margin=&#8221;|-19px|-4px|||&#8221;] Duo Performance [\/et_pb_text][et_pb_text _builder_version=&#8221;4.9.2&#8243; _module_preset=&#8221;default&#8221; header_2_font=&#8221;Montserrat|300|||||||&#8221; header_2_text_color=&#8221;#848688&#8243; header_2_font_size=&#8221;24px&#8221;] Fisioterapia Especializada Pilates Joelho [\/et_pb_text][et_pb_divider color=&#8221;#848688&#8243; _builder_version=&#8221;4.9.2&#8243; _module_preset=&#8221;default&#8221; width=&#8221;15%&#8221; custom_margin=&#8221;||13px|||&#8221;][\/et_pb_divider][et_pb_text _builder_version=&#8221;4.9.2&#8243; _module_preset=&#8221;default&#8221; header_4_font=&#8221;Open Sans||||||||&#8221; header_4_text_color=&#8221;#848688&#8243; header_4_font_size=&#8221;17px&#8221; header_4_line_height=&#8221;1.2em&#8221; custom_margin=&#8221;10px|||||&#8221;] Local\u00a0 \u00a0 \u00a0 [&hellip;]<\/p>\n","protected":false},"author":1,"featured_media":0,"parent":0,"menu_order":0,"comment_status":"closed","ping_status":"closed","template":"","meta":{"_et_pb_use_builder":"on","_et_pb_old_content":"","_et_gb_content_width":"","_joinchat":[],"footnotes":""},"class_list":["post-1795","page","type-page","status-publish","hentry"],"jetpack_sharing_enabled":true,"_links":{"self":[{"href":"https:\/\/dupmarketing.com.br\/index.php\/wp-json\/wp\/v2\/pages\/1795","targetHints":{"allow":["GET"]}}],"collection":[{"href":"https:\/\/dupmarketing.com.br\/index.php\/wp-json\/wp\/v2\/pages"}],"about":[{"href":"https:\/\/dupmarketing.com.br\/index.php\/wp-json\/wp\/v2\/types\/page"}],"author":[{"embeddable":true,"href":"https:\/\/dupmarketing.com.br\/index.php\/wp-json\/wp\/v2\/users\/1"}],"replies":[{"embeddable":true,"href":"https:\/\/dupmarketing.com.br\/index.php\/wp-json\/wp\/v2\/comments?post=1795"}],"version-history":[{"count":5,"href":"https:\/\/dupmarketing.com.br\/index.php\/wp-json\/wp\/v2\/pages\/1795\/revisions"}],"predecessor-version":[{"id":1818,"href":"https:\/\/dupmarketing.com.br\/index.php\/wp-json\/wp\/v2\/pages\/1795\/revisions\/1818"}],"wp:attachment":[{"href":"https:\/\/dupmarketing.com.br\/index.php\/wp-json\/wp\/v2\/media?parent=1795"}],"curies":[{"name":"wp","href":"https:\/\/api.w.org\/{rel}","templated":true}]}}